{"id":3,"date":"2024-07-24T17:33:49","date_gmt":"2024-07-24T17:33:49","guid":{"rendered":"https:\/\/theglobalhumanist.com\/?page_id=3"},"modified":"2024-07-29T05:14:11","modified_gmt":"2024-07-29T05:14:11","slug":"privacy-policy","status":"publish","type":"page","link":"https:\/\/theglobalhumanist.com\/de\/privacy-policy\/","title":{"rendered":"Datenschutzrichtlinie"},"content":{"rendered":"<p><strong>Letzte Aktualisierung: [29. Juli 2024]<\/strong><\/p>\n\n\n\n<p>The Global Humanist (\u201ewir\u201c, \u201euns\u201c oder \u201eunser\u201c) verpflichtet sich zum Schutz Ihrer Privatsph\u00e4re. Diese Datenschutzrichtlinie erl\u00e4utert, wie wir Ihre Daten erheben, verwenden, weitergeben und sch\u00fctzen, wenn Sie unsere Website www.theglobalhumanist.com besuchen und unsere Dienste nutzen.<\/p>\n\n\n\n<p><strong>1. Von uns erfasste Informationen<\/strong><\/p>\n\n\n\n<p><strong>Pers\u00f6nliche Informationen:<\/strong> Wir erfassen m\u00f6glicherweise personenbezogene Daten, die Sie uns freiwillig zur Verf\u00fcgung stellen, wenn Sie sich auf der Website registrieren, unseren Newsletter abonnieren, eine Spende t\u00e4tigen oder uns kontaktieren. Diese Informationen k\u00f6nnen Ihren Namen, Ihre E-Mail-Adresse, Ihre Telefonnummer und Ihre Zahlungsinformationen umfassen.<\/p>\n\n\n\n<p><strong>Nicht personenbezogene Daten:<\/strong> Wir erfassen m\u00f6glicherweise nicht personenbezogene Daten wie Ihren Browsertyp, Ihr Betriebssystem, Ihre Zugriffszeiten und die von Ihnen auf unserer Website besuchten Seiten. Diese Informationen werden verwendet, um die Funktionalit\u00e4t und das Benutzererlebnis unserer Website zu verbessern.<\/p>\n\n\n\n<p><strong>2. Verwendung von Informationen<\/strong><\/p>\n\n\n\n<p>Wir verwenden die von uns gesammelten Informationen f\u00fcr verschiedene Zwecke, darunter:<\/p>\n\n\n\n<ul class=\"wp-block-list\">\n<li>Zur Bereitstellung und Aufrechterhaltung unserer Dienste<\/li>\n\n\n\n<li>Um Sie \u00fcber \u00c4nderungen unserer Dienste zu informieren<\/li>\n\n\n\n<li>Um Ihnen die Teilnahme an interaktiven Funktionen unserer Website zu erm\u00f6glichen<\/li>\n\n\n\n<li>Um Kundensupport zu leisten<\/li>\n\n\n\n<li>Um Analysen oder wertvolle Informationen zu sammeln, damit wir unsere Website verbessern k\u00f6nnen<\/li>\n\n\n\n<li>Um die Nutzung unserer Website zu \u00fcberwachen<\/li>\n\n\n\n<li>Um technische Probleme zu erkennen, zu verhindern und zu beheben<\/li>\n\n\n\n<li>Um Spenden abzuwickeln und Ihnen entsprechende Informationen, einschlie\u00dflich Spendenbescheinigungen, zuzusenden<\/li>\n<\/ul>\n\n\n\n<p><strong>3. Weitergabe von Informationen<\/strong><\/p>\n\n\n\n<p>Wir geben Ihre Daten nur in den folgenden Situationen an Dritte weiter:<\/p>\n\n\n\n<ul class=\"wp-block-list\">\n<li>Mit Dienstleistern, die in unserem Auftrag Dienstleistungen erbringen, wie z. B. Zahlungsabwickler und E-Mail-Dienstanbieter<\/li>\n\n\n\n<li>Um gesetzlichen Verpflichtungen nachzukommen oder unsere Rechte und unser Eigentum zu sch\u00fctzen und zu verteidigen<\/li>\n\n\n\n<li>Im Zusammenhang mit einer Fusion, einem Verkauf von Verm\u00f6genswerten, einer Finanzierung oder einem Erwerb unseres gesamten oder eines Teils unseres Gesch\u00e4fts<\/li>\n<\/ul>\n\n\n\n<p><strong>4. Informationssicherheit<\/strong><\/p>\n\n\n\n<p>Wir setzen administrative, technische und physische Sicherheitsma\u00dfnahmen zum Schutz Ihrer personenbezogenen Daten ein. Allerdings ist keine Methode der Internet\u00fcbertragung oder elektronischen Speicherung absolut sicher, und wir k\u00f6nnen keine absolute Sicherheit garantieren.<\/p>\n\n\n\n<p><strong>5. Ihre Datenschutzrechte<\/strong><\/p>\n\n\n\n<p>Abh\u00e4ngig von Ihrem Standort haben Sie m\u00f6glicherweise die folgenden Rechte in Bezug auf Ihre personenbezogenen Daten:<\/p>\n\n\n\n<ul class=\"wp-block-list\">\n<li>Das Recht auf Zugriff \u2013 Sie haben das Recht, Kopien Ihrer personenbezogenen Daten anzufordern.<\/li>\n\n\n\n<li>Das Recht auf Berichtigung \u2013 Sie haben das Recht, von uns die Berichtigung von Informationen zu verlangen, die Sie f\u00fcr unrichtig halten, oder die Vervollst\u00e4ndigung von Informationen, die Sie f\u00fcr<\/li>\n<\/ul>\n\n\n\n<p><\/p>","protected":false},"excerpt":{"rendered":"<p>Last Updated: [July 29, 2024] The Global Humanist (&#8220;we,&#8221; &#8220;us,&#8221; or &#8220;our&#8221;) is committed to protecting your privacy. This Privacy Policy explains how we collect, use, disclose, and safeguard your information when you visit our website www.theglobalhumanist.com, and interact with our services. 1. Information We Collect Personal Information: We may collect personal information that you [&hellip;]<\/p>","protected":false},"author":1,"featured_media":0,"parent":0,"menu_order":0,"comment_status":"closed","ping_status":"open","template":"","meta":{"content-type":"","footnotes":""},"class_list":["post-3","page","type-page","status-publish"],"_links":{"self":[{"href":"https:\/\/theglobalhumanist.com\/de\/wp-json\/wp\/v2\/pages\/3","targetHints":{"allow":["GET"]}}],"collection":[{"href":"https:\/\/theglobalhumanist.com\/de\/wp-json\/wp\/v2\/pages"}],"about":[{"href":"https:\/\/theglobalhumanist.com\/de\/wp-json\/wp\/v2\/types\/page"}],"author":[{"embeddable":true,"href":"https:\/\/theglobalhumanist.com\/de\/wp-json\/wp\/v2\/users\/1"}],"replies":[{"embeddable":true,"href":"https:\/\/theglobalhumanist.com\/de\/wp-json\/wp\/v2\/comments?post=3"}],"version-history":[{"count":1,"href":"https:\/\/theglobalhumanist.com\/de\/wp-json\/wp\/v2\/pages\/3\/revisions"}],"predecessor-version":[{"id":3991,"href":"https:\/\/theglobalhumanist.com\/de\/wp-json\/wp\/v2\/pages\/3\/revisions\/3991"}],"wp:attachment":[{"href":"https:\/\/theglobalhumanist.com\/de\/wp-json\/wp\/v2\/media?parent=3"}],"curies":[{"name":"wp","href":"https:\/\/api.w.org\/{rel}","templated":true}]}}