{"id":3,"date":"2024-07-24T17:33:49","date_gmt":"2024-07-24T17:33:49","guid":{"rendered":"https:\/\/theglobalhumanist.com\/?page_id=3"},"modified":"2024-07-29T05:14:11","modified_gmt":"2024-07-29T05:14:11","slug":"privacy-policy","status":"publish","type":"page","link":"https:\/\/theglobalhumanist.com\/es\/privacy-policy\/","title":{"rendered":"pol\u00edtica de privacidad"},"content":{"rendered":"<p><strong>\u00daltima actualizaci\u00f3n: [29 de julio de 2024]<\/strong><\/p>\n\n\n\n<p>The Global Humanist (\u00abnosotros\u00bb, \u00abnos\u00bb o \u00abnuestro\u00bb) se compromete a proteger su privacidad. Esta Pol\u00edtica de Privacidad explica c\u00f3mo recopilamos, usamos, divulgamos y protegemos su informaci\u00f3n cuando visita nuestro sitio web www.theglobalhumanist.com e interact\u00faa con nuestros servicios.<\/p>\n\n\n\n<p><strong>1. Informaci\u00f3n que recopilamos<\/strong><\/p>\n\n\n\n<p><strong>Informaci\u00f3n personal:<\/strong> Podemos recopilar informaci\u00f3n personal que nos proporcione voluntariamente al registrarse en el sitio, suscribirse a nuestro bolet\u00edn informativo, realizar una donaci\u00f3n o contactarnos. Esta informaci\u00f3n puede incluir su nombre, direcci\u00f3n de correo electr\u00f3nico, n\u00famero de tel\u00e9fono e informaci\u00f3n de pago.<\/p>\n\n\n\n<p><strong>Informaci\u00f3n no personal:<\/strong> Podemos recopilar informaci\u00f3n no personal, como su tipo de navegador, sistema operativo, horarios de acceso y las p\u00e1ginas que ha visitado en nuestro sitio. Esta informaci\u00f3n se utiliza para mejorar la funcionalidad y la experiencia del usuario de nuestro sitio web.<\/p>\n\n\n\n<p><strong>2. Uso de la informaci\u00f3n<\/strong><\/p>\n\n\n\n<p>Utilizamos la informaci\u00f3n que recopilamos para diversos fines, entre ellos:<\/p>\n\n\n\n<ul class=\"wp-block-list\">\n<li>Para proporcionar y mantener nuestros servicios<\/li>\n\n\n\n<li>Para notificarle sobre cambios en nuestros servicios<\/li>\n\n\n\n<li>Para permitirle participar en las funciones interactivas de nuestro sitio web<\/li>\n\n\n\n<li>Para brindar soporte al cliente<\/li>\n\n\n\n<li>Para recopilar an\u00e1lisis o informaci\u00f3n valiosa para que podamos mejorar nuestro sitio web<\/li>\n\n\n\n<li>Para monitorear el uso de nuestro sitio web<\/li>\n\n\n\n<li>Para detectar, prevenir y abordar problemas t\u00e9cnicos<\/li>\n\n\n\n<li>Para procesar donaciones y enviarle informaci\u00f3n relacionada, incluidos recibos de donaci\u00f3n<\/li>\n<\/ul>\n\n\n\n<p><strong>3. Intercambio de informaci\u00f3n<\/strong><\/p>\n\n\n\n<p>Podemos compartir su informaci\u00f3n con terceros solo en las siguientes situaciones:<\/p>\n\n\n\n<ul class=\"wp-block-list\">\n<li>Con proveedores de servicios que realizan servicios en nuestro nombre, como procesadores de pagos y proveedores de servicios de correo electr\u00f3nico<\/li>\n\n\n\n<li>Para cumplir con obligaciones legales o para proteger y defender nuestros derechos y propiedad<\/li>\n\n\n\n<li>En relaci\u00f3n con cualquier fusi\u00f3n, venta de activos, financiaci\u00f3n o adquisici\u00f3n de la totalidad o una parte de nuestro negocio<\/li>\n<\/ul>\n\n\n\n<p><strong>4. Seguridad de la informaci\u00f3n<\/strong><\/p>\n\n\n\n<p>Utilizamos medidas de seguridad administrativas, t\u00e9cnicas y f\u00edsicas para proteger su informaci\u00f3n personal. Sin embargo, ning\u00fan m\u00e9todo de transmisi\u00f3n por internet ni de almacenamiento electr\u00f3nico es seguro para 100%, y no podemos garantizar su seguridad absoluta.<\/p>\n\n\n\n<p><strong>5. Sus derechos de protecci\u00f3n de datos<\/strong><\/p>\n\n\n\n<p>Dependiendo de su ubicaci\u00f3n, usted puede tener los siguientes derechos con respecto a su informaci\u00f3n personal:<\/p>\n\n\n\n<ul class=\"wp-block-list\">\n<li>El derecho de acceso: Usted tiene derecho a solicitar copias de sus datos personales.<\/li>\n\n\n\n<li>El derecho a la rectificaci\u00f3n: tiene derecho a solicitar que corrijamos cualquier informaci\u00f3n que considere inexacta o que completemos la informaci\u00f3n que considere incorrecta.<\/li>\n<\/ul>\n\n\n\n<p><\/p>","protected":false},"excerpt":{"rendered":"<p>Last Updated: [July 29, 2024] The Global Humanist (&#8220;we,&#8221; &#8220;us,&#8221; or &#8220;our&#8221;) is committed to protecting your privacy. This Privacy Policy explains how we collect, use, disclose, and safeguard your information when you visit our website www.theglobalhumanist.com, and interact with our services. 1. Information We Collect Personal Information: We may collect personal information that you [&hellip;]<\/p>","protected":false},"author":1,"featured_media":0,"parent":0,"menu_order":0,"comment_status":"closed","ping_status":"open","template":"","meta":{"content-type":"","footnotes":""},"class_list":["post-3","page","type-page","status-publish"],"_links":{"self":[{"href":"https:\/\/theglobalhumanist.com\/es\/wp-json\/wp\/v2\/pages\/3","targetHints":{"allow":["GET"]}}],"collection":[{"href":"https:\/\/theglobalhumanist.com\/es\/wp-json\/wp\/v2\/pages"}],"about":[{"href":"https:\/\/theglobalhumanist.com\/es\/wp-json\/wp\/v2\/types\/page"}],"author":[{"embeddable":true,"href":"https:\/\/theglobalhumanist.com\/es\/wp-json\/wp\/v2\/users\/1"}],"replies":[{"embeddable":true,"href":"https:\/\/theglobalhumanist.com\/es\/wp-json\/wp\/v2\/comments?post=3"}],"version-history":[{"count":1,"href":"https:\/\/theglobalhumanist.com\/es\/wp-json\/wp\/v2\/pages\/3\/revisions"}],"predecessor-version":[{"id":3991,"href":"https:\/\/theglobalhumanist.com\/es\/wp-json\/wp\/v2\/pages\/3\/revisions\/3991"}],"wp:attachment":[{"href":"https:\/\/theglobalhumanist.com\/es\/wp-json\/wp\/v2\/media?parent=3"}],"curies":[{"name":"wp","href":"https:\/\/api.w.org\/{rel}","templated":true}]}}