{"id":3994,"date":"2024-07-29T05:19:53","date_gmt":"2024-07-29T05:19:53","guid":{"rendered":"https:\/\/theglobalhumanist.com\/?page_id=3994"},"modified":"2024-07-29T05:23:32","modified_gmt":"2024-07-29T05:23:32","slug":"subscribe","status":"publish","type":"page","link":"https:\/\/theglobalhumanist.com\/es\/subscribe\/","title":{"rendered":"Suscribir"},"content":{"rendered":"<div data-elementor-type=\"wp-page\" data-elementor-id=\"3994\" class=\"elementor elementor-3994\" data-elementor-post-type=\"page\">\n\t\t\t\t<div class=\"elementor-element elementor-element-663fc5e e-flex e-con-boxed e-con e-parent\" data-id=\"663fc5e\" data-element_type=\"container\">\n\t\t\t\t\t<div class=\"e-con-inner\">\n\t\t\t\t<div class=\"elementor-element elementor-element-4dbbd17 submit-layout-0 elementor-widget elementor-widget-foxiz-newsletter-1\" data-id=\"4dbbd17\" data-element_type=\"widget\" data-widget_type=\"foxiz-newsletter-1.default\">\n\t\t\t\t<div class=\"elementor-widget-container\">\n\t\t\t\t\t<div class=\"newsletter-box newsletter-style is-box-gray-dash newsletter-box-1\"><div class=\"newsletter-inner\"><div class=\"newsletter-content\"><h2 class=\"newsletter-title\">\u00a1Mant\u00e9ngase conectado con The Global Humanist!<\/h2><div class=\"newsletter-description rb-text\">Suscr\u00edbete a nuestro bolet\u00edn para recibir las \u00faltimas novedades, recursos y eventos. \u00a1\u00danete a nuestra comunidad hoy mismo!<\/div><\/div><div class=\"newsletter-form\"><script>(function() {\n\twindow.mc4wp = window.mc4wp || {\n\t\tlisteners: [],\n\t\tforms: {\n\t\t\ton: function(evt, cb) {\n\t\t\t\twindow.mc4wp.listeners.push(\n\t\t\t\t\t{\n\t\t\t\t\t\tevent   : evt,\n\t\t\t\t\t\tcallback: cb\n\t\t\t\t\t}\n\t\t\t\t);\n\t\t\t}\n\t\t}\n\t}\n})();\n<\/script><!-- Mailchimp for WordPress v4.10.3 - https:\/\/wordpress.org\/plugins\/mailchimp-for-wp\/ --><form id=\"mc4wp-form-1\" class=\"mc4wp-form mc4wp-form-3992\" method=\"post\" data-id=\"3992\" data-name=\"Subscribe\" action=\"\" ><div class=\"mc4wp-form-fields\"><p>\r\n\t<label>Direcci\u00f3n de correo electr\u00f3nico: \r\n\t\t<input type=\"email\" name=\"EMAIL\" placeholder=\"Su direcci\u00f3n de correo electr\u00f3nico\" required \/>\r\n<\/label>\r\n<\/p>\r\n\r\n<p>\r\n\t<input type=\"submit\" value=\"Inscribirse\" \/>\r\n<\/p><\/div><label style=\"display: none !important;\">Deja vac\u00edo este campo si eres humano: <input type=\"text\" name=\"_mc4wp_honeypot\" value=\"\" tabindex=\"-1\" autocomplete=\"off\" \/><\/label><input type=\"hidden\" name=\"_mc4wp_timestamp\" value=\"1777569895\" \/><input type=\"hidden\" name=\"_mc4wp_form_id\" value=\"3992\" \/><input type=\"hidden\" name=\"_mc4wp_form_element_id\" value=\"mc4wp-form-1\" \/><div class=\"mc4wp-response\"><\/div><input type=\"hidden\" name=\"trp-form-language\" value=\"es\"\/><\/form><!-- \/ Mailchimp for WordPress Plugin --><\/div><\/div><\/div>\t\t\t\t<\/div>\n\t\t\t\t<\/div>\n\t\t\t\t\t<\/div>\n\t\t\t\t<\/div>\n\t\t\t\t<\/div>","protected":false},"excerpt":{"rendered":"<p>Stay Connected with The Global Humanist! Subscribe to our newsletter for the latest updates, resources, and events. Join our community today! Email address: Leave this field empty if you&#8217;re human:<\/p>","protected":false},"author":1,"featured_media":0,"parent":0,"menu_order":0,"comment_status":"closed","ping_status":"closed","template":"","meta":{"content-type":"","footnotes":""},"class_list":["post-3994","page","type-page","status-publish"],"_links":{"self":[{"href":"https:\/\/theglobalhumanist.com\/es\/wp-json\/wp\/v2\/pages\/3994","targetHints":{"allow":["GET"]}}],"collection":[{"href":"https:\/\/theglobalhumanist.com\/es\/wp-json\/wp\/v2\/pages"}],"about":[{"href":"https:\/\/theglobalhumanist.com\/es\/wp-json\/wp\/v2\/types\/page"}],"author":[{"embeddable":true,"href":"https:\/\/theglobalhumanist.com\/es\/wp-json\/wp\/v2\/users\/1"}],"replies":[{"embeddable":true,"href":"https:\/\/theglobalhumanist.com\/es\/wp-json\/wp\/v2\/comments?post=3994"}],"version-history":[{"count":5,"href":"https:\/\/theglobalhumanist.com\/es\/wp-json\/wp\/v2\/pages\/3994\/revisions"}],"predecessor-version":[{"id":3999,"href":"https:\/\/theglobalhumanist.com\/es\/wp-json\/wp\/v2\/pages\/3994\/revisions\/3999"}],"wp:attachment":[{"href":"https:\/\/theglobalhumanist.com\/es\/wp-json\/wp\/v2\/media?parent=3994"}],"curies":[{"name":"wp","href":"https:\/\/api.w.org\/{rel}","templated":true}]}}