{"id":3,"date":"2024-07-24T17:33:49","date_gmt":"2024-07-24T17:33:49","guid":{"rendered":"https:\/\/theglobalhumanist.com\/?page_id=3"},"modified":"2024-07-29T05:14:11","modified_gmt":"2024-07-29T05:14:11","slug":"privacy-policy","status":"publish","type":"page","link":"https:\/\/theglobalhumanist.com\/fr\/privacy-policy\/","title":{"rendered":"politique de confidentialit\u00e9"},"content":{"rendered":"<p><strong>Derni\u00e8re mise \u00e0 jour\u00a0: [29 juillet 2024]<\/strong><\/p>\n\n\n\n<p>The Global Humanist (\u00ab\u00a0nous\u00a0\u00bb, \u00ab\u00a0notre\u00a0\u00bb ou \u00ab\u00a0nos\u00a0\u00bb) s&#039;engage \u00e0 prot\u00e9ger votre vie priv\u00e9e. La pr\u00e9sente Politique de confidentialit\u00e9 explique comment nous collectons, utilisons, divulguons et prot\u00e9geons vos informations lorsque vous visitez notre site web www.theglobalhumanist.com et interagissez avec nos services.<\/p>\n\n\n\n<p><strong>1. Informations que nous collectons<\/strong><\/p>\n\n\n\n<p><strong>Informations personnelles :<\/strong> Nous pouvons collecter les informations personnelles que vous nous fournissez volontairement lorsque vous vous inscrivez sur le site, vous abonnez \u00e0 notre newsletter, faites un don ou nous contactez. Ces informations peuvent inclure votre nom, votre adresse e-mail, votre num\u00e9ro de t\u00e9l\u00e9phone et vos informations de paiement.<\/p>\n\n\n\n<p><strong>Informations non personnelles :<\/strong> Nous pouvons collecter des informations non personnelles telles que votre type de navigateur, votre syst\u00e8me d&#039;exploitation, vos heures d&#039;acc\u00e8s et les pages que vous avez consult\u00e9es sur notre site. Ces informations sont utilis\u00e9es pour am\u00e9liorer la fonctionnalit\u00e9 et l&#039;exp\u00e9rience utilisateur de notre site web.<\/p>\n\n\n\n<p><strong>2. Utilisation des informations<\/strong><\/p>\n\n\n\n<p>Nous utilisons les informations que nous collectons \u00e0 diverses fins, notamment :<\/p>\n\n\n\n<ul class=\"wp-block-list\">\n<li>Pour fournir et maintenir nos services<\/li>\n\n\n\n<li>Pour vous informer des modifications apport\u00e9es \u00e0 nos services<\/li>\n\n\n\n<li>Pour vous permettre de participer aux fonctionnalit\u00e9s interactives de notre site Web<\/li>\n\n\n\n<li>Pour fournir un support client<\/li>\n\n\n\n<li>Pour recueillir des analyses ou des informations pr\u00e9cieuses afin que nous puissions am\u00e9liorer notre site Web<\/li>\n\n\n\n<li>Pour surveiller l&#039;utilisation de notre site Web<\/li>\n\n\n\n<li>Pour d\u00e9tecter, pr\u00e9venir et r\u00e9soudre les probl\u00e8mes techniques<\/li>\n\n\n\n<li>Pour traiter les dons et vous envoyer des informations connexes, y compris les re\u00e7us de dons<\/li>\n<\/ul>\n\n\n\n<p><strong>3. Partage d&#039;informations<\/strong><\/p>\n\n\n\n<p>Nous pouvons partager vos informations avec des tiers uniquement dans les situations suivantes :<\/p>\n\n\n\n<ul class=\"wp-block-list\">\n<li>Avec des prestataires de services qui ex\u00e9cutent des services en notre nom, tels que des processeurs de paiement et des fournisseurs de services de messagerie \u00e9lectronique<\/li>\n\n\n\n<li>Pour se conformer aux obligations l\u00e9gales ou pour prot\u00e9ger et d\u00e9fendre nos droits et nos biens<\/li>\n\n\n\n<li>Dans le cadre de toute fusion, vente d&#039;actifs, financement ou acquisition de tout ou partie de notre entreprise<\/li>\n<\/ul>\n\n\n\n<p><strong>4. S\u00e9curit\u00e9 des informations<\/strong><\/p>\n\n\n\n<p>Nous utilisons des mesures de s\u00e9curit\u00e9 administratives, techniques et physiques pour prot\u00e9ger vos informations personnelles. Cependant, aucune m\u00e9thode de transmission sur Internet ni de stockage \u00e9lectronique n&#039;est s\u00e9curis\u00e9e 100%, et nous ne pouvons garantir leur s\u00e9curit\u00e9 absolue.<\/p>\n\n\n\n<p><strong>5. Vos droits en mati\u00e8re de protection des donn\u00e9es<\/strong><\/p>\n\n\n\n<p>Selon votre situation g\u00e9ographique, vous pouvez disposer des droits suivants concernant vos informations personnelles :<\/p>\n\n\n\n<ul class=\"wp-block-list\">\n<li>Le droit d\u2019acc\u00e8s \u2013 Vous avez le droit de demander des copies de vos donn\u00e9es personnelles.<\/li>\n\n\n\n<li>Le droit de rectification \u2013 Vous avez le droit de demander que nous corrigions toute information que vous jugez inexacte ou que nous compl\u00e9tions toute information que vous jugez incompl\u00e8te.<\/li>\n<\/ul>\n\n\n\n<p><\/p>","protected":false},"excerpt":{"rendered":"<p>Last Updated: [July 29, 2024] The Global Humanist (&#8220;we,&#8221; &#8220;us,&#8221; or &#8220;our&#8221;) is committed to protecting your privacy. This Privacy Policy explains how we collect, use, disclose, and safeguard your information when you visit our website www.theglobalhumanist.com, and interact with our services. 1. Information We Collect Personal Information: We may collect personal information that you [&hellip;]<\/p>","protected":false},"author":1,"featured_media":0,"parent":0,"menu_order":0,"comment_status":"closed","ping_status":"open","template":"","meta":{"content-type":"","footnotes":""},"class_list":["post-3","page","type-page","status-publish"],"_links":{"self":[{"href":"https:\/\/theglobalhumanist.com\/fr\/wp-json\/wp\/v2\/pages\/3","targetHints":{"allow":["GET"]}}],"collection":[{"href":"https:\/\/theglobalhumanist.com\/fr\/wp-json\/wp\/v2\/pages"}],"about":[{"href":"https:\/\/theglobalhumanist.com\/fr\/wp-json\/wp\/v2\/types\/page"}],"author":[{"embeddable":true,"href":"https:\/\/theglobalhumanist.com\/fr\/wp-json\/wp\/v2\/users\/1"}],"replies":[{"embeddable":true,"href":"https:\/\/theglobalhumanist.com\/fr\/wp-json\/wp\/v2\/comments?post=3"}],"version-history":[{"count":1,"href":"https:\/\/theglobalhumanist.com\/fr\/wp-json\/wp\/v2\/pages\/3\/revisions"}],"predecessor-version":[{"id":3991,"href":"https:\/\/theglobalhumanist.com\/fr\/wp-json\/wp\/v2\/pages\/3\/revisions\/3991"}],"wp:attachment":[{"href":"https:\/\/theglobalhumanist.com\/fr\/wp-json\/wp\/v2\/media?parent=3"}],"curies":[{"name":"wp","href":"https:\/\/api.w.org\/{rel}","templated":true}]}}